{"id":1970,"date":"2021-11-10T15:47:29","date_gmt":"2021-11-10T14:47:29","guid":{"rendered":"https:\/\/transforms.pl\/tips\/"},"modified":"2024-07-24T17:01:55","modified_gmt":"2024-07-24T15:01:55","slug":"tips","status":"publish","type":"page","link":"https:\/\/transforms.pl\/en\/tips\/","title":{"rendered":"Tips"},"content":{"rendered":"\t\t<div data-elementor-type=\"wp-page\" data-elementor-id=\"1970\" class=\"elementor elementor-1970 elementor-444\" data-elementor-post-type=\"page\">\n\t\t\t\t\t\t<section class=\"elementor-section elementor-top-section elementor-element elementor-element-ab51334 elementor-section-boxed elementor-section-height-default elementor-section-height-default\" data-id=\"ab51334\" data-element_type=\"section\" data-e-type=\"section\">\n\t\t\t\t\t\t<div class=\"elementor-container elementor-column-gap-default\">\n\t\t\t\t\t<div class=\"elementor-column elementor-col-100 elementor-top-column elementor-element elementor-element-a3ebcc8\" data-id=\"a3ebcc8\" data-element_type=\"column\" data-e-type=\"column\">\n\t\t\t<div class=\"elementor-widget-wrap elementor-element-populated\">\n\t\t\t\t\t\t<div class=\"elementor-element elementor-element-76345b0 elementor-grid-2 elementor-grid-tablet-2 elementor-grid-mobile-1 elementor-posts--thumbnail-top elementor-widget elementor-widget-posts\" data-id=\"76345b0\" data-element_type=\"widget\" data-e-type=\"widget\" data-settings=\"{&quot;classic_row_gap&quot;:{&quot;unit&quot;:&quot;px&quot;,&quot;size&quot;:40,&quot;sizes&quot;:[]},&quot;classic_columns&quot;:&quot;2&quot;,&quot;pagination_type&quot;:&quot;numbers_and_prev_next&quot;,&quot;classic_columns_tablet&quot;:&quot;2&quot;,&quot;classic_columns_mobile&quot;:&quot;1&quot;,&quot;classic_row_gap_tablet&quot;:{&quot;unit&quot;:&quot;px&quot;,&quot;size&quot;:&quot;&quot;,&quot;sizes&quot;:[]},&quot;classic_row_gap_mobile&quot;:{&quot;unit&quot;:&quot;px&quot;,&quot;size&quot;:&quot;&quot;,&quot;sizes&quot;:[]}}\" data-widget_type=\"posts.classic\">\n\t\t\t\t<div class=\"elementor-widget-container\">\n\t\t\t\t\t\t\t<div class=\"elementor-posts-container elementor-posts elementor-posts--skin-classic elementor-grid\" role=\"list\">\n\t\t\t\t<article class=\"elementor-post elementor-grid-item post-4722 post type-post status-publish format-standard has-post-thumbnail hentry category-tips\" role=\"listitem\">\n\t\t\t\t<a class=\"elementor-post__thumbnail__link\" href=\"https:\/\/transforms.pl\/en\/studio-apartment-furniture-how-to-choose-it\/\" tabindex=\"-1\" >\n\t\t\t<div class=\"elementor-post__thumbnail\"><img fetchpriority=\"high\" decoding=\"async\" width=\"768\" height=\"1024\" src=\"https:\/\/transforms.pl\/wp-content\/uploads\/2022\/03\/PHOTO-2024-11-19-13-19-09-1-768x1024.jpg\" class=\"attachment-medium_large size-medium_large wp-image-4715\" alt=\"meble do kawalerki \/ Furniture for a Studio Apartment\" data-wp-pid=\"4715\" srcset=\"https:\/\/transforms.pl\/wp-content\/uploads\/2022\/03\/PHOTO-2024-11-19-13-19-09-1-768x1024.jpg 768w, https:\/\/transforms.pl\/wp-content\/uploads\/2022\/03\/PHOTO-2024-11-19-13-19-09-1-225x300.jpg 225w, https:\/\/transforms.pl\/wp-content\/uploads\/2022\/03\/PHOTO-2024-11-19-13-19-09-1-1152x1536.jpg 1152w, https:\/\/transforms.pl\/wp-content\/uploads\/2022\/03\/PHOTO-2024-11-19-13-19-09-1.jpg 1536w\" sizes=\"(max-width: 768px) 100vw, 768px\" \/><\/div>\n\t\t<\/a>\n\t\t\t\t<div class=\"elementor-post__text\">\n\t\t\t\t<h3 class=\"elementor-post__title\">\n\t\t\t<a href=\"https:\/\/transforms.pl\/en\/studio-apartment-furniture-how-to-choose-it\/\" >\n\t\t\t\tFurniture for a Studio Apartment &#8211; how to choose it?\t\t\t<\/a>\n\t\t<\/h3>\n\t\t\t\t<div class=\"elementor-post__meta-data\">\n\t\t\t\t\t<span class=\"elementor-post-date\">\n\t\t\t14 November 2024\t\t<\/span>\n\t\t\t\t<\/div>\n\t\t\t\t<div class=\"elementor-post__excerpt\">\n\t\t\t<p>When choosing furniture for a studio apartment, it\u2019s worth selecting simple, minimalist designs that won\u2019t overwhelm the interior. Furnishing a relatively small space can be<\/p>\n\t\t<\/div>\n\t\t\n\t\t<a class=\"elementor-post__read-more\" href=\"https:\/\/transforms.pl\/en\/studio-apartment-furniture-how-to-choose-it\/\" aria-label=\"Read more about Furniture for a Studio Apartment &#8211; how to choose it?\" tabindex=\"-1\" >\n\t\t\tRead more \u00bb\t\t<\/a>\n\n\t\t\t\t<\/div>\n\t\t\t\t<\/article>\n\t\t\t\t<article class=\"elementor-post elementor-grid-item post-4673 post type-post status-publish format-standard has-post-thumbnail hentry category-tips\" role=\"listitem\">\n\t\t\t\t<a class=\"elementor-post__thumbnail__link\" href=\"https:\/\/transforms.pl\/en\/side-bed-how-to-do-it-right\/\" tabindex=\"-1\" >\n\t\t\t<div class=\"elementor-post__thumbnail\"><img decoding=\"async\" width=\"768\" height=\"1024\" src=\"https:\/\/transforms.pl\/wp-content\/uploads\/2021\/11\/PHOTO-2024-07-05-15-41-26-2-768x1024.jpg\" class=\"attachment-medium_large size-medium_large wp-image-4663\" alt=\"p\u00f3\u0142kotapczan - jak zrobi\u0107\" data-wp-pid=\"4663\" srcset=\"https:\/\/transforms.pl\/wp-content\/uploads\/2021\/11\/PHOTO-2024-07-05-15-41-26-2-768x1024.jpg 768w, https:\/\/transforms.pl\/wp-content\/uploads\/2021\/11\/PHOTO-2024-07-05-15-41-26-2-225x300.jpg 225w, https:\/\/transforms.pl\/wp-content\/uploads\/2021\/11\/PHOTO-2024-07-05-15-41-26-2-1152x1536.jpg 1152w, https:\/\/transforms.pl\/wp-content\/uploads\/2021\/11\/PHOTO-2024-07-05-15-41-26-2.jpg 1200w\" sizes=\"(max-width: 768px) 100vw, 768px\" \/><\/div>\n\t\t<\/a>\n\t\t\t\t<div class=\"elementor-post__text\">\n\t\t\t\t<h3 class=\"elementor-post__title\">\n\t\t\t<a href=\"https:\/\/transforms.pl\/en\/side-bed-how-to-do-it-right\/\" >\n\t\t\t\tSide bed \u2013 how to do it right?\t\t\t<\/a>\n\t\t<\/h3>\n\t\t\t\t<div class=\"elementor-post__meta-data\">\n\t\t\t\t\t<span class=\"elementor-post-date\">\n\t\t\t25 September 2024\t\t<\/span>\n\t\t\t\t<\/div>\n\t\t\t\t<div class=\"elementor-post__excerpt\">\n\t\t\t<p>How can you create a comfortable sleeping space for two, save space, and arrange a bedroom or living room? In this situation, opting for a<\/p>\n\t\t<\/div>\n\t\t\n\t\t<a class=\"elementor-post__read-more\" href=\"https:\/\/transforms.pl\/en\/side-bed-how-to-do-it-right\/\" aria-label=\"Read more about Side bed \u2013 how to do it right?\" tabindex=\"-1\" >\n\t\t\tRead more \u00bb\t\t<\/a>\n\n\t\t\t\t<\/div>\n\t\t\t\t<\/article>\n\t\t\t\t<article class=\"elementor-post elementor-grid-item post-4643 post type-post status-publish format-standard has-post-thumbnail hentry category-tips\" role=\"listitem\">\n\t\t\t\t<a class=\"elementor-post__thumbnail__link\" href=\"https:\/\/transforms.pl\/en\/pocket-kitchen-new-multifunctional-solution-from-transforms\/\" tabindex=\"-1\" >\n\t\t\t<div class=\"elementor-post__thumbnail\"><img decoding=\"async\" width=\"768\" height=\"1024\" src=\"https:\/\/transforms.pl\/wp-content\/uploads\/2024\/07\/Zdjecie-12.07.2024-10-55-37-768x1024.jpg\" class=\"attachment-medium_large size-medium_large wp-image-4640\" alt=\"kuchnia pocket Pocket Kitchen\" data-wp-pid=\"4640\" srcset=\"https:\/\/transforms.pl\/wp-content\/uploads\/2024\/07\/Zdjecie-12.07.2024-10-55-37-768x1024.jpg 768w, https:\/\/transforms.pl\/wp-content\/uploads\/2024\/07\/Zdjecie-12.07.2024-10-55-37-225x300.jpg 225w, https:\/\/transforms.pl\/wp-content\/uploads\/2024\/07\/Zdjecie-12.07.2024-10-55-37-1152x1536.jpg 1152w, https:\/\/transforms.pl\/wp-content\/uploads\/2024\/07\/Zdjecie-12.07.2024-10-55-37-1536x2048.jpg 1536w, https:\/\/transforms.pl\/wp-content\/uploads\/2024\/07\/Zdjecie-12.07.2024-10-55-37-scaled.jpg 1920w\" sizes=\"(max-width: 768px) 100vw, 768px\" \/><\/div>\n\t\t<\/a>\n\t\t\t\t<div class=\"elementor-post__text\">\n\t\t\t\t<h3 class=\"elementor-post__title\">\n\t\t\t<a href=\"https:\/\/transforms.pl\/en\/pocket-kitchen-new-multifunctional-solution-from-transforms\/\" >\n\t\t\t\tPocket Kitchen &#8211; NEW multifunctional solution from Transforms\t\t\t<\/a>\n\t\t<\/h3>\n\t\t\t\t<div class=\"elementor-post__meta-data\">\n\t\t\t\t\t<span class=\"elementor-post-date\">\n\t\t\t26 July 2024\t\t<\/span>\n\t\t\t\t<\/div>\n\t\t\t\t<div class=\"elementor-post__excerpt\">\n\t\t\t<p>Pocket Kitchen is a modern, multifunctional concept that completely revolutionizes the approach to functional design in small interiors and open-space environments. A kitchen is an<\/p>\n\t\t<\/div>\n\t\t\n\t\t<a class=\"elementor-post__read-more\" href=\"https:\/\/transforms.pl\/en\/pocket-kitchen-new-multifunctional-solution-from-transforms\/\" aria-label=\"Read more about Pocket Kitchen &#8211; NEW multifunctional solution from Transforms\" tabindex=\"-1\" >\n\t\t\tRead more \u00bb\t\t<\/a>\n\n\t\t\t\t<\/div>\n\t\t\t\t<\/article>\n\t\t\t\t<article class=\"elementor-post elementor-grid-item post-4231 post type-post status-publish format-standard has-post-thumbnail hentry category-tips\" role=\"listitem\">\n\t\t\t\t<a class=\"elementor-post__thumbnail__link\" href=\"https:\/\/transforms.pl\/en\/a-bed-with-a-desk-for-children-and-adults\/\" tabindex=\"-1\" >\n\t\t\t<div class=\"elementor-post__thumbnail\"><img loading=\"lazy\" decoding=\"async\" width=\"768\" height=\"1035\" src=\"https:\/\/transforms.pl\/wp-content\/uploads\/2023\/03\/O_single-768x1035.jpg\" class=\"attachment-medium_large size-medium_large wp-image-4220\" alt=\"\u0142\u00f3\u017cko z biurkiem dla dzieci\" data-wp-pid=\"4220\" srcset=\"https:\/\/transforms.pl\/wp-content\/uploads\/2023\/03\/O_single-768x1035.jpg 768w, https:\/\/transforms.pl\/wp-content\/uploads\/2023\/03\/O_single-223x300.jpg 223w, https:\/\/transforms.pl\/wp-content\/uploads\/2023\/03\/O_single-760x1024.jpg 760w, https:\/\/transforms.pl\/wp-content\/uploads\/2023\/03\/O_single-1139x1536.jpg 1139w, https:\/\/transforms.pl\/wp-content\/uploads\/2023\/03\/O_single.jpg 1186w\" sizes=\"(max-width: 768px) 100vw, 768px\" \/><\/div>\n\t\t<\/a>\n\t\t\t\t<div class=\"elementor-post__text\">\n\t\t\t\t<h3 class=\"elementor-post__title\">\n\t\t\t<a href=\"https:\/\/transforms.pl\/en\/a-bed-with-a-desk-for-children-and-adults\/\" >\n\t\t\t\tA bed with a desk for children and adults\t\t\t<\/a>\n\t\t<\/h3>\n\t\t\t\t<div class=\"elementor-post__meta-data\">\n\t\t\t\t\t<span class=\"elementor-post-date\">\n\t\t\t29 March 2023\t\t<\/span>\n\t\t\t\t<\/div>\n\t\t\t\t<div class=\"elementor-post__excerpt\">\n\t\t\t<p>A bed with a desk is a solution that has been consistently popular for several decades. The combination of these 2 different pieces of furniture<\/p>\n\t\t<\/div>\n\t\t\n\t\t<a class=\"elementor-post__read-more\" href=\"https:\/\/transforms.pl\/en\/a-bed-with-a-desk-for-children-and-adults\/\" aria-label=\"Read more about A bed with a desk for children and adults\" tabindex=\"-1\" >\n\t\t\tRead more \u00bb\t\t<\/a>\n\n\t\t\t\t<\/div>\n\t\t\t\t<\/article>\n\t\t\t\t<article class=\"elementor-post elementor-grid-item post-4129 post type-post status-publish format-standard has-post-thumbnail hentry category-tips\" role=\"listitem\">\n\t\t\t\t<a class=\"elementor-post__thumbnail__link\" href=\"https:\/\/transforms.pl\/en\/how-to-arrange-a-small-apartment\/\" tabindex=\"-1\" >\n\t\t\t<div class=\"elementor-post__thumbnail\"><img loading=\"lazy\" decoding=\"async\" width=\"768\" height=\"570\" src=\"https:\/\/transforms.pl\/wp-content\/uploads\/2023\/01\/fold_zamkniete-768x570.jpg\" class=\"attachment-medium_large size-medium_large wp-image-4115\" alt=\"jak urz\u0105dzi\u0107 ma\u0142e mieszkanie\" data-wp-pid=\"4115\" srcset=\"https:\/\/transforms.pl\/wp-content\/uploads\/2023\/01\/fold_zamkniete-768x570.jpg 768w, https:\/\/transforms.pl\/wp-content\/uploads\/2023\/01\/fold_zamkniete-300x223.jpg 300w, https:\/\/transforms.pl\/wp-content\/uploads\/2023\/01\/fold_zamkniete-1024x760.jpg 1024w, https:\/\/transforms.pl\/wp-content\/uploads\/2023\/01\/fold_zamkniete-1536x1139.jpg 1536w, https:\/\/transforms.pl\/wp-content\/uploads\/2023\/01\/fold_zamkniete.jpg 1599w\" sizes=\"(max-width: 768px) 100vw, 768px\" \/><\/div>\n\t\t<\/a>\n\t\t\t\t<div class=\"elementor-post__text\">\n\t\t\t\t<h3 class=\"elementor-post__title\">\n\t\t\t<a href=\"https:\/\/transforms.pl\/en\/how-to-arrange-a-small-apartment\/\" >\n\t\t\t\tHow to arrange a small apartment?\t\t\t<\/a>\n\t\t<\/h3>\n\t\t\t\t<div class=\"elementor-post__meta-data\">\n\t\t\t\t\t<span class=\"elementor-post-date\">\n\t\t\t17 January 2023\t\t<\/span>\n\t\t\t\t<\/div>\n\t\t\t\t<div class=\"elementor-post__excerpt\">\n\t\t\t<p>How to arrange a small apartment? What to think about when choosing furniture and how to arrange the space to make it comfortable, spacious and<\/p>\n\t\t<\/div>\n\t\t\n\t\t<a class=\"elementor-post__read-more\" href=\"https:\/\/transforms.pl\/en\/how-to-arrange-a-small-apartment\/\" aria-label=\"Read more about How to arrange a small apartment?\" tabindex=\"-1\" >\n\t\t\tRead more \u00bb\t\t<\/a>\n\n\t\t\t\t<\/div>\n\t\t\t\t<\/article>\n\t\t\t\t<article class=\"elementor-post elementor-grid-item post-4094 post type-post status-publish format-standard has-post-thumbnail hentry category-uncategorized\" role=\"listitem\">\n\t\t\t\t<a class=\"elementor-post__thumbnail__link\" href=\"https:\/\/transforms.pl\/en\/how-to-install-murphy-bed\/\" tabindex=\"-1\" >\n\t\t\t<div class=\"elementor-post__thumbnail\"><img loading=\"lazy\" decoding=\"async\" width=\"768\" height=\"563\" src=\"https:\/\/transforms.pl\/wp-content\/uploads\/2022\/04\/Young-V-Pojedyncze-wnetrze_0020002-768x563.jpg\" class=\"attachment-medium_large size-medium_large wp-image-3735\" alt=\"how to install murphy bed\" data-wp-pid=\"3735\" srcset=\"https:\/\/transforms.pl\/wp-content\/uploads\/2022\/04\/Young-V-Pojedyncze-wnetrze_0020002-768x563.jpg 768w, https:\/\/transforms.pl\/wp-content\/uploads\/2022\/04\/Young-V-Pojedyncze-wnetrze_0020002-300x220.jpg 300w, https:\/\/transforms.pl\/wp-content\/uploads\/2022\/04\/Young-V-Pojedyncze-wnetrze_0020002-1024x750.jpg 1024w, https:\/\/transforms.pl\/wp-content\/uploads\/2022\/04\/Young-V-Pojedyncze-wnetrze_0020002-1536x1126.jpg 1536w, https:\/\/transforms.pl\/wp-content\/uploads\/2022\/04\/Young-V-Pojedyncze-wnetrze_0020002.jpg 1980w\" sizes=\"(max-width: 768px) 100vw, 768px\" \/><\/div>\n\t\t<\/a>\n\t\t\t\t<div class=\"elementor-post__text\">\n\t\t\t\t<h3 class=\"elementor-post__title\">\n\t\t\t<a href=\"https:\/\/transforms.pl\/en\/how-to-install-murphy-bed\/\" >\n\t\t\t\tHow to install murphy bed?\t\t\t<\/a>\n\t\t<\/h3>\n\t\t\t\t<div class=\"elementor-post__meta-data\">\n\t\t\t\t\t<span class=\"elementor-post-date\">\n\t\t\t22 November 2022\t\t<\/span>\n\t\t\t\t<\/div>\n\t\t\t\t<div class=\"elementor-post__excerpt\">\n\t\t\t<p>How to install murphy bed?\u00a0This question often comes up during our conversations with clients who do not believe that it is possible at all. After<\/p>\n\t\t<\/div>\n\t\t\n\t\t<a class=\"elementor-post__read-more\" href=\"https:\/\/transforms.pl\/en\/how-to-install-murphy-bed\/\" aria-label=\"Read more about How to install murphy bed?\" tabindex=\"-1\" >\n\t\t\tRead more \u00bb\t\t<\/a>\n\n\t\t\t\t<\/div>\n\t\t\t\t<\/article>\n\t\t\t\t<\/div>\n\t\t\n\t\t\t\t<div class=\"e-load-more-anchor\" data-page=\"1\" data-max-page=\"2\" data-next-page=\"https:\/\/transforms.pl\/en\/wp-json\/wp\/v2\/pages\/1970\/page\/2\/\"><\/div>\n\t\t\t\t<nav class=\"elementor-pagination\" aria-label=\"Pagination\">\n\t\t\t<span class=\"page-numbers prev\">\u00ab Previous<\/span>\n<span aria-current=\"page\" class=\"page-numbers current\"><span class=\"elementor-screen-only\">Page<\/span>1<\/span>\n<a class=\"page-numbers\" href=\"https:\/\/transforms.pl\/en\/wp-json\/wp\/v2\/pages\/1970\/page\/2\/\"><span class=\"elementor-screen-only\">Page<\/span>2<\/a>\n<a class=\"page-numbers next\" href=\"https:\/\/transforms.pl\/en\/wp-json\/wp\/v2\/pages\/1970\/page\/2\/\">Next \u00bb<\/a>\t\t<\/nav>\n\t\t\t\t\t\t<\/div>\n\t\t\t\t<\/div>\n\t\t\t\t\t<\/div>\n\t\t<\/div>\n\t\t\t\t\t<\/div>\n\t\t<\/section>\n\t\t\t\t<\/div>\n\t\t","protected":false},"excerpt":{"rendered":"","protected":false},"author":1,"featured_media":0,"parent":0,"menu_order":0,"comment_status":"closed","ping_status":"closed","template":"","meta":{"_acf_changed":false,"inline_featured_image":false,"site-sidebar-layout":"no-sidebar","site-content-layout":"page-builder","ast-site-content-layout":"default","site-content-style":"default","site-sidebar-style":"default","ast-global-header-display":"","ast-banner-title-visibility":"","ast-main-header-display":"","ast-hfb-above-header-display":"","ast-hfb-below-header-display":"","ast-hfb-mobile-header-display":"","site-post-title":"disabled","ast-breadcrumbs-content":"","ast-featured-img":"disabled","footer-sml-layout":"","ast-disable-related-posts":"","theme-transparent-header-meta":"default","adv-header-id-meta":"","stick-header-meta":"","header-above-stick-meta":"","header-main-stick-meta":"","header-below-stick-meta":"","astra-migrate-meta-layouts":"default","ast-page-background-enabled":"default","ast-page-background-meta":{"desktop":{"background-color":"","background-image":"","background-repeat":"repeat","background-position":"center center","background-size":"auto","background-attachment":"scroll","background-type":"","background-media":"","overlay-type":"","overlay-color":"","overlay-opacity":"","overlay-gradient":""},"tablet":{"background-color":"","background-image":"","background-repeat":"repeat","background-position":"center center","background-size":"auto","background-attachment":"scroll","background-type":"","background-media":"","overlay-type":"","overlay-color":"","overlay-opacity":"","overlay-gradient":""},"mobile":{"background-color":"","background-image":"","background-repeat":"repeat","background-position":"center center","background-size":"auto","background-attachment":"scroll","background-type":"","background-media":"","overlay-type":"","overlay-color":"","overlay-opacity":"","overlay-gradient":""}},"ast-content-background-meta":{"desktop":{"background-color":"var(--ast-global-color-5)","background-image":"","background-repeat":"repeat","background-position":"center center","background-size":"auto","background-attachment":"scroll","background-type":"","background-media":"","overlay-type":"","overlay-color":"","overlay-opacity":"","overlay-gradient":""},"tablet":{"background-color":"var(--ast-global-color-5)","background-image":"","background-repeat":"repeat","background-position":"center center","background-size":"auto","background-attachment":"scroll","background-type":"","background-media":"","overlay-type":"","overlay-color":"","overlay-opacity":"","overlay-gradient":""},"mobile":{"background-color":"var(--ast-global-color-5)","background-image":"","background-repeat":"repeat","background-position":"center center","background-size":"auto","background-attachment":"scroll","background-type":"","background-media":"","overlay-type":"","overlay-color":"","overlay-opacity":"","overlay-gradient":""}},"footnotes":""},"class_list":["post-1970","page","type-page","status-publish","hentry"],"acf":[],"yoast_head":"<!-- This site is optimized with the Yoast SEO plugin v27.4 - https:\/\/yoast.com\/product\/yoast-seo-wordpress\/ -->\n<title>Wall Bed Designs, Tips, Photos, Reviews | transforms.pl<\/title>\n<meta name=\"description\" content=\"Wall Bed Arrangements for Bedrooms, Living Rooms, and Children&#039;s Rooms. Wall Beds, Wall Beds for Kids. Photos of Customer Installations.\" \/>\n<meta name=\"robots\" content=\"index, follow, max-snippet:-1, max-image-preview:large, max-video-preview:-1\" \/>\n<link rel=\"canonical\" href=\"https:\/\/transforms.pl\/en\/tips\/\" \/>\n<!-- \/ Yoast SEO plugin. -->","yoast_head_json":{"title":"Wall Bed Designs, Tips, Photos, Reviews | transforms.pl","description":"Wall Bed Arrangements for Bedrooms, Living Rooms, and Children's Rooms. Wall Beds, Wall Beds for Kids. Photos of Customer Installations.","robots":{"index":"index","follow":"follow","max-snippet":"max-snippet:-1","max-image-preview":"max-image-preview:large","max-video-preview":"max-video-preview:-1"},"canonical":"https:\/\/transforms.pl\/en\/tips\/","schema":{"@context":"https:\/\/schema.org","@graph":[{"@type":"BreadcrumbList","@id":"https:\/\/transforms.pl\/en\/tips\/#breadcrumb","itemListElement":[{"@type":"ListItem","position":1,"name":"Strona g\u0142\u00f3wna","item":"https:\/\/transforms.pl\/en\/home-page\/"},{"@type":"ListItem","position":2,"name":"Tips"}]}]}},"_links":{"self":[{"href":"https:\/\/transforms.pl\/en\/wp-json\/wp\/v2\/pages\/1970","targetHints":{"allow":["GET"]}}],"collection":[{"href":"https:\/\/transforms.pl\/en\/wp-json\/wp\/v2\/pages"}],"about":[{"href":"https:\/\/transforms.pl\/en\/wp-json\/wp\/v2\/types\/page"}],"author":[{"embeddable":true,"href":"https:\/\/transforms.pl\/en\/wp-json\/wp\/v2\/users\/1"}],"replies":[{"embeddable":true,"href":"https:\/\/transforms.pl\/en\/wp-json\/wp\/v2\/comments?post=1970"}],"version-history":[{"count":1,"href":"https:\/\/transforms.pl\/en\/wp-json\/wp\/v2\/pages\/1970\/revisions"}],"predecessor-version":[{"id":1971,"href":"https:\/\/transforms.pl\/en\/wp-json\/wp\/v2\/pages\/1970\/revisions\/1971"}],"wp:attachment":[{"href":"https:\/\/transforms.pl\/en\/wp-json\/wp\/v2\/media?parent=1970"}],"curies":[{"name":"wp","href":"https:\/\/api.w.org\/{rel}","templated":true}]}}