{"id":1945,"date":"2021-11-10T15:23:28","date_gmt":"2021-11-10T14:23:28","guid":{"rendered":"https:\/\/transforms.pl\/gallery\/"},"modified":"2024-07-24T17:11:50","modified_gmt":"2024-07-24T15:11:50","slug":"gallery","status":"publish","type":"page","link":"https:\/\/transforms.pl\/en\/gallery\/","title":{"rendered":"Gallery"},"content":{"rendered":"\t\t<div data-elementor-type=\"wp-page\" data-elementor-id=\"1945\" class=\"elementor elementor-1945 elementor-455\" data-elementor-post-type=\"page\">\n\t\t\t\t\t\t<section class=\"elementor-section elementor-top-section elementor-element elementor-element-9f02186 elementor-section-boxed elementor-section-height-default elementor-section-height-default\" data-id=\"9f02186\" data-element_type=\"section\" data-e-type=\"section\">\n\t\t\t\t\t\t<div class=\"elementor-container elementor-column-gap-extended\">\n\t\t\t\t\t<div class=\"elementor-column elementor-col-33 elementor-top-column elementor-element elementor-element-17873da\" data-id=\"17873da\" data-element_type=\"column\" data-e-type=\"column\">\n\t\t\t<div class=\"elementor-widget-wrap elementor-element-populated\">\n\t\t\t\t\t\t<div class=\"elementor-element elementor-element-c10eac9 elementor-cta--skin-classic elementor-animated-content elementor-widget elementor-widget-call-to-action\" data-id=\"c10eac9\" data-element_type=\"widget\" data-e-type=\"widget\" data-widget_type=\"call-to-action.default\">\n\t\t\t\t<div class=\"elementor-widget-container\">\n\t\t\t\t\t\t\t<div class=\"elementor-cta\">\n\t\t\t\t\t<div class=\"elementor-cta__bg-wrapper\">\n\t\t\t\t<div class=\"elementor-cta__bg elementor-bg\" style=\"background-image: url(https:\/\/transforms.pl\/wp-content\/uploads\/2021\/12\/Zdjecie-08.08.2021-20-21-18-1024x706.jpg);\" role=\"img\" aria-label=\"\u0142\u00f3\u017cko na pilota\"><\/div>\n\t\t\t\t<div class=\"elementor-cta__bg-overlay\"><\/div>\n\t\t\t<\/div>\n\t\t\t\t\t\t\t<div class=\"elementor-cta__content\">\n\t\t\t\t\n\t\t\t\t\t\t\t\t\t<h3 class=\"elementor-cta__title elementor-cta__content-item elementor-content-item\">\n\t\t\t\t\t\tTransforms realisations\t\t\t\t\t<\/h3>\n\t\t\t\t\n\t\t\t\t\n\t\t\t\t\t\t\t\t\t<div class=\"elementor-cta__button-wrapper elementor-cta__content-item elementor-content-item \">\n\t\t\t\t\t<a class=\"elementor-cta__button elementor-button elementor-size-\" href=\"https:\/\/transforms.pl\/en\/transforms-realisations\/\">\n\t\t\t\t\t\tSee more \u00bb\t\t\t\t\t<\/a>\n\t\t\t\t\t<\/div>\n\t\t\t\t\t\t\t<\/div>\n\t\t\t\t\t\t<\/div>\n\t\t\t\t\t\t<\/div>\n\t\t\t\t<\/div>\n\t\t\t\t\t<\/div>\n\t\t<\/div>\n\t\t\t\t<div class=\"elementor-column elementor-col-33 elementor-top-column elementor-element elementor-element-9183ec8\" data-id=\"9183ec8\" data-element_type=\"column\" data-e-type=\"column\">\n\t\t\t<div class=\"elementor-widget-wrap elementor-element-populated\">\n\t\t\t\t\t\t<div class=\"elementor-element elementor-element-b0da91c elementor-cta--skin-classic elementor-animated-content elementor-widget elementor-widget-call-to-action\" data-id=\"b0da91c\" data-element_type=\"widget\" data-e-type=\"widget\" data-widget_type=\"call-to-action.default\">\n\t\t\t\t<div class=\"elementor-widget-container\">\n\t\t\t\t\t\t\t<div class=\"elementor-cta\">\n\t\t\t\t\t<div class=\"elementor-cta__bg-wrapper\">\n\t\t\t\t<div class=\"elementor-cta__bg elementor-bg\" style=\"background-image: url(https:\/\/transforms.pl\/wp-content\/uploads\/2021\/12\/DSC_9900-1024x682.jpg);\" role=\"img\" aria-label=\"DSC_9900\"><\/div>\n\t\t\t\t<div class=\"elementor-cta__bg-overlay\"><\/div>\n\t\t\t<\/div>\n\t\t\t\t\t\t\t<div class=\"elementor-cta__content\">\n\t\t\t\t\n\t\t\t\t\t\t\t\t\t<h3 class=\"elementor-cta__title elementor-cta__content-item elementor-content-item\">\n\t\t\t\t\t\tTransforms Showroom\t\t\t\t\t<\/h3>\n\t\t\t\t\n\t\t\t\t\n\t\t\t\t\t\t\t\t\t<div class=\"elementor-cta__button-wrapper elementor-cta__content-item elementor-content-item \">\n\t\t\t\t\t<a class=\"elementor-cta__button elementor-button elementor-size-\" href=\"https:\/\/transforms.pl\/en\/transforms-showroom\/\">\n\t\t\t\t\t\tSee more \u00bb\t\t\t\t\t<\/a>\n\t\t\t\t\t<\/div>\n\t\t\t\t\t\t\t<\/div>\n\t\t\t\t\t\t<\/div>\n\t\t\t\t\t\t<\/div>\n\t\t\t\t<\/div>\n\t\t\t\t\t<\/div>\n\t\t<\/div>\n\t\t\t\t<div class=\"elementor-column elementor-col-33 elementor-top-column elementor-element elementor-element-a406230\" data-id=\"a406230\" data-element_type=\"column\" data-e-type=\"column\">\n\t\t\t<div class=\"elementor-widget-wrap elementor-element-populated\">\n\t\t\t\t\t\t<div class=\"elementor-element elementor-element-76bbe8c elementor-cta--skin-classic elementor-animated-content elementor-widget elementor-widget-call-to-action\" data-id=\"76bbe8c\" data-element_type=\"widget\" data-e-type=\"widget\" data-widget_type=\"call-to-action.default\">\n\t\t\t\t<div class=\"elementor-widget-container\">\n\t\t\t\t\t\t\t<div class=\"elementor-cta\">\n\t\t\t\t\t<div class=\"elementor-cta__bg-wrapper\">\n\t\t\t\t<div class=\"elementor-cta__bg elementor-bg\" style=\"background-image: url(https:\/\/transforms.pl\/wp-content\/uploads\/2021\/12\/Magazif-162-1024x684.jpg);\" role=\"img\" aria-label=\"producent \u0142\u00f3\u017cek w szafie\"><\/div>\n\t\t\t\t<div class=\"elementor-cta__bg-overlay\"><\/div>\n\t\t\t<\/div>\n\t\t\t\t\t\t\t<div class=\"elementor-cta__content\">\n\t\t\t\t\n\t\t\t\t\t\t\t\t\t<h3 class=\"elementor-cta__title elementor-cta__content-item elementor-content-item\">\n\t\t\t\t\t\tFurniture Fair\t\t\t\t\t<\/h3>\n\t\t\t\t\n\t\t\t\t\n\t\t\t\t\t\t\t\t\t<div class=\"elementor-cta__button-wrapper elementor-cta__content-item elementor-content-item \">\n\t\t\t\t\t<a class=\"elementor-cta__button elementor-button elementor-size-\" href=\"https:\/\/transforms.pl\/en\/furniture-fair\/\">\n\t\t\t\t\t\tSee more \u00bb\t\t\t\t\t<\/a>\n\t\t\t\t\t<\/div>\n\t\t\t\t\t\t\t<\/div>\n\t\t\t\t\t\t<\/div>\n\t\t\t\t\t\t<\/div>\n\t\t\t\t<\/div>\n\t\t\t\t\t<\/div>\n\t\t<\/div>\n\t\t\t\t\t<\/div>\n\t\t<\/section>\n\t\t\t\t<section class=\"elementor-section elementor-top-section elementor-element elementor-element-d420a10 elementor-section-boxed elementor-section-height-default elementor-section-height-default\" data-id=\"d420a10\" data-element_type=\"section\" data-e-type=\"section\">\n\t\t\t\t\t\t<div class=\"elementor-container elementor-column-gap-default\">\n\t\t\t\t\t<div class=\"elementor-column elementor-col-100 elementor-top-column elementor-element elementor-element-7d8f53c\" data-id=\"7d8f53c\" data-element_type=\"column\" data-e-type=\"column\">\n\t\t\t<div class=\"elementor-widget-wrap elementor-element-populated\">\n\t\t\t\t\t\t<div class=\"elementor-element elementor-element-c88b28c seo-section elementor-widget elementor-widget-text-editor\" data-id=\"c88b28c\" data-element_type=\"widget\" data-e-type=\"widget\" data-widget_type=\"text-editor.default\">\n\t\t\t\t<div class=\"elementor-widget-container\">\n\t\t\t\t\t\t\t\t\t<h2>Multifunctional furniture &#8211; wall beds, fold-out wall beds, sofa beds, wall-mounted foldable beds, and extendable coffee tables and dining tables for living rooms or kitchens<\/h2>\n<p>Wall beds are the most popular multifunctional furniture on the Polish market. They are used in both <a href=\"https:\/\/transforms.pl\/top-5-mebli-wielofunkcyjnych-ktorych-nie-moze-zabraknac-w-twojej-kawalerce\/\">small apartments<\/a>, for which they were originally designed, and spacious apartments, where owners appreciate modern solutions and comfort. <\/p>\n<p>Modern living rooms and bedrooms are still often small in size. That&#8217;s why multifunctional furniture is often referred to as furniture for small apartments. It is in these spaces that it performs best, offering space-saving solutions and comfortable use of small living areas without compromising on functionality or cluttering the limited space.   <\/p>\n<details>\n<summary>Read more<\/summary>\n<p>With our customers&#8217; diverse needs in mind, especially those who often combine a small bedroom with a dining area, living room, workspace, or even a small office, we have created wall beds. These include wall beds with a sofa, wall beds with a bookshelf, wall beds with a fold-out table, and even a rotating wall bed that combines a bedroom function with an entertainment unit. <\/p>\n<p>Wall beds that fold away vertically or horizontally are perfect for any given space. They transform it into a comfortable area for daily activities and a full-size bed at night. <\/p>\n<p>Bunk beds and beds with desks are our proposals for children&#8217;s, teen, and student rooms. However, these are not traditional beds that only seemingly save space. The <a href=\"https:\/\/clickbed.eu\/\">Clickbed <\/a> bunk beds and beds with desks are wall beds. The innovative solutions used in them are eagerly chosen by both parents and children, who appreciate their ease of use and the fact that\u2026 they don\u2019t need to be made up.   <\/p>\n<p>Multifunctional furniture also includes handy, modern coffee tables. Expandable coffee tables, extendable dining tables, coffee tables with storage, and end tables for the living room or bedroom. As with all our furniture, they are designed to be hidden away: in a cabinet, shelf, bookcase unit, or as a 2-in-1, such as a coffee table that hides in a dining table or vice versa.  <\/p>\n<p>We create furniture that truly enhances everyday life and allows you to enjoy extra space. A wall bed that folds away is a versatile solution that works well in any small living space.  <\/p>\n<\/details>\n\t\t\t\t\t\t\t\t<\/div>\n\t\t\t\t<\/div>\n\t\t\t\t\t<\/div>\n\t\t<\/div>\n\t\t\t\t\t<\/div>\n\t\t<\/section>\n\t\t\t\t<\/div>\n\t\t","protected":false},"excerpt":{"rendered":"<p>Transforms realisations See more \u00bb Transforms Showroom See more \u00bb Furniture Fair See more \u00bb Multifunctional furniture &#8211; wall beds, fold-out wall beds, sofa beds, wall-mounted foldable beds, and extendable coffee tables and dining tables for living rooms or kitchens Wall beds are the most popular multifunctional furniture on the Polish market. They are used [&hellip;]<\/p>\n","protected":false},"author":1,"featured_media":2549,"parent":0,"menu_order":0,"comment_status":"closed","ping_status":"closed","template":"","meta":{"_acf_changed":false,"inline_featured_image":false,"site-sidebar-layout":"no-sidebar","site-content-layout":"page-builder","ast-site-content-layout":"default","site-content-style":"default","site-sidebar-style":"default","ast-global-header-display":"","ast-banner-title-visibility":"","ast-main-header-display":"","ast-hfb-above-header-display":"","ast-hfb-below-header-display":"","ast-hfb-mobile-header-display":"","site-post-title":"disabled","ast-breadcrumbs-content":"","ast-featured-img":"disabled","footer-sml-layout":"","ast-disable-related-posts":"","theme-transparent-header-meta":"default","adv-header-id-meta":"","stick-header-meta":"","header-above-stick-meta":"","header-main-stick-meta":"","header-below-stick-meta":"","astra-migrate-meta-layouts":"default","ast-page-background-enabled":"default","ast-page-background-meta":{"desktop":{"background-color":"","background-image":"","background-repeat":"repeat","background-position":"center center","background-size":"auto","background-attachment":"scroll","background-type":"","background-media":"","overlay-type":"","overlay-color":"","overlay-opacity":"","overlay-gradient":""},"tablet":{"background-color":"","background-image":"","background-repeat":"repeat","background-position":"center center","background-size":"auto","background-attachment":"scroll","background-type":"","background-media":"","overlay-type":"","overlay-color":"","overlay-opacity":"","overlay-gradient":""},"mobile":{"background-color":"","background-image":"","background-repeat":"repeat","background-position":"center center","background-size":"auto","background-attachment":"scroll","background-type":"","background-media":"","overlay-type":"","overlay-color":"","overlay-opacity":"","overlay-gradient":""}},"ast-content-background-meta":{"desktop":{"background-color":"var(--ast-global-color-5)","background-image":"","background-repeat":"repeat","background-position":"center center","background-size":"auto","background-attachment":"scroll","background-type":"","background-media":"","overlay-type":"","overlay-color":"","overlay-opacity":"","overlay-gradient":""},"tablet":{"background-color":"var(--ast-global-color-5)","background-image":"","background-repeat":"repeat","background-position":"center center","background-size":"auto","background-attachment":"scroll","background-type":"","background-media":"","overlay-type":"","overlay-color":"","overlay-opacity":"","overlay-gradient":""},"mobile":{"background-color":"var(--ast-global-color-5)","background-image":"","background-repeat":"repeat","background-position":"center center","background-size":"auto","background-attachment":"scroll","background-type":"","background-media":"","overlay-type":"","overlay-color":"","overlay-opacity":"","overlay-gradient":""}},"footnotes":""},"class_list":["post-1945","page","type-page","status-publish","has-post-thumbnail","hentry"],"acf":[],"yoast_head":"<!-- This site is optimized with the Yoast SEO plugin v27.4 - https:\/\/yoast.com\/product\/yoast-seo-wordpress\/ -->\n<title>Check it out! Wall bed, multifunctional and comfortable<\/title>\n<meta name=\"description\" content=\"See how it looks: wall bed hidden in the wardrobe, horizontally or vertically foldable, bunk beds, with a sofa, table, desk. Solutions for micro apartments.\" \/>\n<meta name=\"robots\" content=\"index, follow, max-snippet:-1, max-image-preview:large, max-video-preview:-1\" \/>\n<link rel=\"canonical\" href=\"https:\/\/transforms.pl\/en\/gallery\/\" \/>\n<!-- \/ Yoast SEO plugin. -->","yoast_head_json":{"title":"Check it out! Wall bed, multifunctional and comfortable","description":"See how it looks: wall bed hidden in the wardrobe, horizontally or vertically foldable, bunk beds, with a sofa, table, desk. Solutions for micro apartments.","robots":{"index":"index","follow":"follow","max-snippet":"max-snippet:-1","max-image-preview":"max-image-preview:large","max-video-preview":"max-video-preview:-1"},"canonical":"https:\/\/transforms.pl\/en\/gallery\/","schema":{"@context":"https:\/\/schema.org","@graph":[{"@type":"BreadcrumbList","@id":"https:\/\/transforms.pl\/en\/gallery\/#breadcrumb","itemListElement":[{"@type":"ListItem","position":1,"name":"Strona g\u0142\u00f3wna","item":"https:\/\/transforms.pl\/en\/home-page\/"},{"@type":"ListItem","position":2,"name":"Gallery"}]}]}},"_links":{"self":[{"href":"https:\/\/transforms.pl\/en\/wp-json\/wp\/v2\/pages\/1945","targetHints":{"allow":["GET"]}}],"collection":[{"href":"https:\/\/transforms.pl\/en\/wp-json\/wp\/v2\/pages"}],"about":[{"href":"https:\/\/transforms.pl\/en\/wp-json\/wp\/v2\/types\/page"}],"author":[{"embeddable":true,"href":"https:\/\/transforms.pl\/en\/wp-json\/wp\/v2\/users\/1"}],"replies":[{"embeddable":true,"href":"https:\/\/transforms.pl\/en\/wp-json\/wp\/v2\/comments?post=1945"}],"version-history":[{"count":31,"href":"https:\/\/transforms.pl\/en\/wp-json\/wp\/v2\/pages\/1945\/revisions"}],"predecessor-version":[{"id":4627,"href":"https:\/\/transforms.pl\/en\/wp-json\/wp\/v2\/pages\/1945\/revisions\/4627"}],"wp:featuredmedia":[{"embeddable":true,"href":"https:\/\/transforms.pl\/en\/wp-json\/wp\/v2\/media\/2549"}],"wp:attachment":[{"href":"https:\/\/transforms.pl\/en\/wp-json\/wp\/v2\/media?parent=1945"}],"curies":[{"name":"wp","href":"https:\/\/api.w.org\/{rel}","templated":true}]}}